{"id":3036,"date":"2025-01-27T16:54:03","date_gmt":"2025-01-27T16:54:03","guid":{"rendered":"https:\/\/swirll.co\/?page_id=3036"},"modified":"2026-04-09T09:22:04","modified_gmt":"2026-04-09T09:22:04","slug":"investment","status":"publish","type":"page","link":"https:\/\/swirll.co\/fr\/investment\/","title":{"rendered":"Investissement"},"content":{"rendered":"<div data-elementor-type=\"wp-page\" data-elementor-id=\"3036\" class=\"elementor elementor-3036\" data-elementor-post-type=\"page\">\n\t\t\t\t\t\t<section class=\"elementor-section elementor-top-section elementor-element elementor-element-66a396a elementor-section-height-min-height elementor-section-stretched elementor-section-full_width elementor-section-height-default elementor-section-items-middle\" data-id=\"66a396a\" data-element_type=\"section\" data-settings=\"{&quot;background_background&quot;:&quot;classic&quot;,&quot;stretch_section&quot;:&quot;section-stretched&quot;}\">\n\t\t\t\t\t\t\t<div class=\"elementor-background-overlay\"><\/div>\n\t\t\t\t\t\t\t<div class=\"elementor-container elementor-column-gap-default\">\n\t\t\t\t\t<div class=\"elementor-column elementor-col-100 elementor-top-column elementor-element elementor-element-d418cdd\" data-id=\"d418cdd\" data-element_type=\"column\">\n\t\t\t<div class=\"elementor-widget-wrap elementor-element-populated\">\n\t\t\t\t\t\t<div class=\"elementor-element elementor-element-04804b6 animated-slow elementor-invisible elementor-widget elementor-widget-text-editor\" data-id=\"04804b6\" data-element_type=\"widget\" data-settings=\"{&quot;_animation&quot;:&quot;fadeIn&quot;,&quot;_animation_delay&quot;:600}\" data-widget_type=\"text-editor.default\">\n\t\t\t\t<div class=\"elementor-widget-container\">\n\t\t\t\t\t\t\t\t\t<h1>Investissement<\/h1>\t\t\t\t\t\t\t\t<\/div>\n\t\t\t\t<\/div>\n\t\t\t\t<div class=\"elementor-element elementor-element-7323ad5 animated-slow elementor-invisible elementor-widget elementor-widget-text-editor\" data-id=\"7323ad5\" data-element_type=\"widget\" data-settings=\"{&quot;_animation&quot;:&quot;fadeIn&quot;,&quot;_animation_delay&quot;:600}\" data-widget_type=\"text-editor.default\">\n\t\t\t\t<div class=\"elementor-widget-container\">\n\t\t\t\t\t\t\t\t\t<p class=\"p1\">Allier passion et rentabilit\u00e9 en misant sur un actif tangible et prestigieux, reconnu pour sa capacit\u00e9 \u00e0 se bonifier avec le temps<\/p>\t\t\t\t\t\t\t\t<\/div>\n\t\t\t\t<\/div>\n\t\t\t\t\t<\/div>\n\t\t<\/div>\n\t\t\t\t\t<\/div>\n\t\t<\/section>\n\t\t\t\t<section class=\"elementor-section elementor-top-section elementor-element elementor-element-b2eb844 elementor-section-boxed elementor-section-height-default elementor-section-height-default\" data-id=\"b2eb844\" data-element_type=\"section\">\n\t\t\t\t\t\t<div class=\"elementor-container elementor-column-gap-default\">\n\t\t\t\t\t<div class=\"elementor-column elementor-col-100 elementor-top-column elementor-element elementor-element-d611768\" data-id=\"d611768\" data-element_type=\"column\">\n\t\t\t<div class=\"elementor-widget-wrap elementor-element-populated\">\n\t\t\t\t\t\t<div class=\"elementor-element elementor-element-12dd24e elementor-widget elementor-widget-qi_addons_for_elementor_animated_text\" data-id=\"12dd24e\" data-element_type=\"widget\" data-widget_type=\"qi_addons_for_elementor_animated_text.default\">\n\t\t\t\t<div class=\"elementor-widget-container\">\n\t\t\t\t\t<div class=\"qodef-shortcode qodef-m  qodef-qi-animated-text  qodef--alignment-center qodef-qi--has-appear qodef--appear-from-bottom\" >\n\t\t<h1 class=\"qodef-m-title\">\n\t\tLES VINS DE GARDE\t<\/h1>\n<\/div>\n\t\t\t\t<\/div>\n\t\t\t\t<\/div>\n\t\t\t\t\t<\/div>\n\t\t<\/div>\n\t\t\t\t\t<\/div>\n\t\t<\/section>\n\t\t\t\t<section class=\"elementor-section elementor-top-section elementor-element elementor-element-7e549e3 elementor-section-full_width elementor-section-height-default elementor-section-height-default\" data-id=\"7e549e3\" data-element_type=\"section\">\n\t\t\t\t\t\t<div class=\"elementor-container elementor-column-gap-default\">\n\t\t\t\t\t<div class=\"elementor-column elementor-col-100 elementor-top-column elementor-element elementor-element-e7b7d0e\" data-id=\"e7b7d0e\" data-element_type=\"column\">\n\t\t\t<div class=\"elementor-widget-wrap elementor-element-populated\">\n\t\t\t\t\t\t<div class=\"elementor-element elementor-element-de71401 elementor-invisible elementor-widget elementor-widget-text-editor\" data-id=\"de71401\" data-element_type=\"widget\" data-settings=\"{&quot;_animation&quot;:&quot;fadeIn&quot;}\" data-widget_type=\"text-editor.default\">\n\t\t\t\t<div class=\"elementor-widget-container\">\n\t\t\t\t\t\t\t\t\t<p class=\"p1\">Les \u00ab vins de garde \u00bb poss\u00e8dent des caract\u00e9ristiques qui leur permettent de traverser le temps et de vieillir pendant plusieurs ann\u00e9es, voire plusieurs d\u00e9cennies. Ils ne repr\u00e9sentent qu\u2019une infime fraction de la production mondiale de vin, estim\u00e9e entre 1 et 3%, par opposition \u00e0 la grande majorit\u00e9 des vins produits qui sont destin\u00e9s \u00e0 \u00eatre consomm\u00e9 jeunes. Les vins de garde sont g\u00e9n\u00e9ralement issus de r\u00e9gions prestigieuses comme Bordeaux ou la Bourgogne en France, la Toscane ou le Pi\u00e9mont en Italie, la Napa Valley en Californie, la vall\u00e9e du Douro au Portugal ou encore la Mosel en Allemagne. Ils n\u00e9cessitent des conditions sp\u00e9cifiques de production et de conservation, et se distinguent par leur capacit\u00e9 \u00e0 \u00e9voluer positivement en bouteilles, d\u00e9veloppant des ar\u00f4mes et une complexit\u00e9 suppl\u00e9mentaire avec le temps.<\/p>\t\t\t\t\t\t\t\t<\/div>\n\t\t\t\t<\/div>\n\t\t\t\t\t<\/div>\n\t\t<\/div>\n\t\t\t\t\t<\/div>\n\t\t<\/section>\n\t\t\t\t<section class=\"elementor-section elementor-top-section elementor-element elementor-element-dc14a02 elementor-section-height-min-height elementor-section-full_width elementor-section-items-bottom elementor-section-height-default\" data-id=\"dc14a02\" data-element_type=\"section\" data-settings=\"{&quot;background_background&quot;:&quot;classic&quot;}\">\n\t\t\t\t\t\t\t<div class=\"elementor-background-overlay\"><\/div>\n\t\t\t\t\t\t\t<div class=\"elementor-container elementor-column-gap-default\">\n\t\t\t\t\t<div class=\"elementor-column elementor-col-50 elementor-top-column elementor-element elementor-element-9c4fa49\" data-id=\"9c4fa49\" data-element_type=\"column\">\n\t\t\t<div class=\"elementor-widget-wrap\">\n\t\t\t\t\t\t\t<\/div>\n\t\t<\/div>\n\t\t\t\t<div class=\"elementor-column elementor-col-50 elementor-top-column elementor-element elementor-element-4324e40\" data-id=\"4324e40\" data-element_type=\"column\">\n\t\t\t<div class=\"elementor-widget-wrap\">\n\t\t\t\t\t\t\t<\/div>\n\t\t<\/div>\n\t\t\t\t\t<\/div>\n\t\t<\/section>\n\t\t\t\t<section class=\"elementor-section elementor-top-section elementor-element elementor-element-306c9c2 elementor-section-boxed elementor-section-height-default elementor-section-height-default\" data-id=\"306c9c2\" data-element_type=\"section\">\n\t\t\t\t\t\t<div class=\"elementor-container elementor-column-gap-default\">\n\t\t\t\t\t<div class=\"elementor-column elementor-col-100 elementor-top-column elementor-element elementor-element-c367a79\" data-id=\"c367a79\" data-element_type=\"column\">\n\t\t\t<div class=\"elementor-widget-wrap elementor-element-populated\">\n\t\t\t\t\t\t<div class=\"elementor-element elementor-element-3990639 elementor-widget elementor-widget-qi_addons_for_elementor_animated_text\" data-id=\"3990639\" data-element_type=\"widget\" data-widget_type=\"qi_addons_for_elementor_animated_text.default\">\n\t\t\t\t<div class=\"elementor-widget-container\">\n\t\t\t\t\t<div class=\"qodef-shortcode qodef-m  qodef-qi-animated-text  qodef--alignment-center qodef-qi--has-appear qodef--appear-from-bottom\" >\n\t\t<h1 class=\"qodef-m-title\">\n\t\tNOTRE CAVE\t<\/h1>\n<\/div>\n\t\t\t\t<\/div>\n\t\t\t\t<\/div>\n\t\t\t\t\t<\/div>\n\t\t<\/div>\n\t\t\t\t\t<\/div>\n\t\t<\/section>\n\t\t\t\t<section class=\"elementor-section elementor-top-section elementor-element elementor-element-cc120ea elementor-section-boxed elementor-section-height-default elementor-section-height-default\" data-id=\"cc120ea\" data-element_type=\"section\">\n\t\t\t\t\t\t<div class=\"elementor-container elementor-column-gap-default\">\n\t\t\t\t\t<div class=\"elementor-column elementor-col-100 elementor-top-column elementor-element elementor-element-f508613\" data-id=\"f508613\" data-element_type=\"column\">\n\t\t\t<div class=\"elementor-widget-wrap elementor-element-populated\">\n\t\t\t\t\t\t<div class=\"elementor-element elementor-element-7463837 elementor-invisible elementor-widget elementor-widget-text-editor\" data-id=\"7463837\" data-element_type=\"widget\" data-settings=\"{&quot;_animation&quot;:&quot;fadeIn&quot;}\" data-widget_type=\"text-editor.default\">\n\t\t\t\t<div class=\"elementor-widget-container\">\n\t\t\t\t\t\t\t\t\t<div class=\"page\" title=\"Page 1\"><div class=\"section\"><div class=\"layoutArea\"><div class=\"column\"><p class=\"p1\">Nous identifions des bouteilles de mani\u00e8re tr\u00e8s cibl\u00e9e pour les acqu\u00e9rir et consolider le patrimoine de l\u2019entreprise. De nombreux param\u00e8tres sont pris en compte lors du processus d\u2019achat : ann\u00e9e de production (mill\u00e9sime), renomm\u00e9e du domaine, raret\u00e9 du vin, conditions de conservation, et bien d\u2019autres. Contrairement \u00e0 d\u2019autres placements plus volatils, le vin, surtout lorsqu\u2019il s\u2019agit de grands crus ou de vins rares, d\u00e9montre une appr\u00e9ciation constante sur les long et tr\u00e8s long termes.<\/p><\/div><\/div><\/div><\/div>\t\t\t\t\t\t\t\t<\/div>\n\t\t\t\t<\/div>\n\t\t\t\t\t<\/div>\n\t\t<\/div>\n\t\t\t\t\t<\/div>\n\t\t<\/section>\n\t\t\t\t<\/div>","protected":false},"excerpt":{"rendered":"<p>Investment Combine passion and profitability by focusing on a tangible and prestigious asset, recognized for its ability to improve over time AGEING POTENTIAL The \u00ab vins de garde \u00bb have characteristics that allow them to travel through time and be aged for several years, even decades. They represent only a tiny fraction of the total [&hellip;]<\/p>","protected":false},"author":3,"featured_media":0,"parent":0,"menu_order":0,"comment_status":"closed","ping_status":"closed","template":"","meta":{"inline_featured_image":false,"footnotes":""},"class_list":["post-3036","page","type-page","status-publish","hentry"],"yoast_head":"<!-- This site is optimized with the Yoast SEO plugin v24.3 - https:\/\/yoast.com\/wordpress\/plugins\/seo\/ -->\n<title>Investment - Swirll<\/title>\n<meta name=\"description\" content=\"Combine passion and profitability by focusing on a tangible and prestigious asset, recognized for its ability to improve over time\" \/>\n<meta name=\"robots\" content=\"index, follow, max-snippet:-1, max-image-preview:large, max-video-preview:-1\" \/>\n<link rel=\"canonical\" href=\"https:\/\/swirll.co\/fr\/investment\/\" \/>\n<meta property=\"og:locale\" content=\"fr_FR\" \/>\n<meta property=\"og:type\" content=\"article\" \/>\n<meta property=\"og:title\" content=\"Investment - Swirll\" \/>\n<meta property=\"og:description\" content=\"Combine passion and profitability by focusing on a tangible and prestigious asset, recognized for its ability to improve over time\" \/>\n<meta property=\"og:url\" content=\"https:\/\/swirll.co\/fr\/investment\/\" \/>\n<meta property=\"og:site_name\" content=\"Swirll\" \/>\n<meta property=\"article:modified_time\" content=\"2026-04-09T09:22:04+00:00\" \/>\n<meta name=\"twitter:card\" content=\"summary_large_image\" \/>\n<meta name=\"twitter:label1\" content=\"Dur\u00e9e de lecture estim\u00e9e\" \/>\n\t<meta name=\"twitter:data1\" content=\"2 minutes\" \/>\n<script type=\"application\/ld+json\" class=\"yoast-schema-graph\">{\"@context\":\"https:\/\/schema.org\",\"@graph\":[{\"@type\":\"WebPage\",\"@id\":\"https:\/\/swirll.co\/investment\/\",\"url\":\"https:\/\/swirll.co\/investment\/\",\"name\":\"Investment - Swirll\",\"isPartOf\":{\"@id\":\"https:\/\/swirll.co\/#website\"},\"datePublished\":\"2025-01-27T16:54:03+00:00\",\"dateModified\":\"2026-04-09T09:22:04+00:00\",\"description\":\"Combine passion and profitability by focusing on a tangible and prestigious asset, recognized for its ability to improve over time\",\"breadcrumb\":{\"@id\":\"https:\/\/swirll.co\/investment\/#breadcrumb\"},\"inLanguage\":\"fr-FR\",\"potentialAction\":[{\"@type\":\"ReadAction\",\"target\":[\"https:\/\/swirll.co\/investment\/\"]}]},{\"@type\":\"BreadcrumbList\",\"@id\":\"https:\/\/swirll.co\/investment\/#breadcrumb\",\"itemListElement\":[{\"@type\":\"ListItem\",\"position\":1,\"name\":\"Accueil\",\"item\":\"https:\/\/swirll.co\/\"},{\"@type\":\"ListItem\",\"position\":2,\"name\":\"Investment\"}]},{\"@type\":\"WebSite\",\"@id\":\"https:\/\/swirll.co\/#website\",\"url\":\"https:\/\/swirll.co\/\",\"name\":\"Swirll\",\"description\":\"Swirll\",\"publisher\":{\"@id\":\"https:\/\/swirll.co\/#organization\"},\"potentialAction\":[{\"@type\":\"SearchAction\",\"target\":{\"@type\":\"EntryPoint\",\"urlTemplate\":\"https:\/\/swirll.co\/?s={search_term_string}\"},\"query-input\":{\"@type\":\"PropertyValueSpecification\",\"valueRequired\":true,\"valueName\":\"search_term_string\"}}],\"inLanguage\":\"fr-FR\"},{\"@type\":\"Organization\",\"@id\":\"https:\/\/swirll.co\/#organization\",\"name\":\"Swirll\",\"url\":\"https:\/\/swirll.co\/\",\"logo\":{\"@type\":\"ImageObject\",\"inLanguage\":\"fr-FR\",\"@id\":\"https:\/\/swirll.co\/#\/schema\/logo\/image\/\",\"url\":\"https:\/\/www.beta.attractionagency.fr\/swirll\/wp-content\/uploads\/2022\/01\/LOGO-SWIRLL-BLACK.svg\",\"contentUrl\":\"https:\/\/www.beta.attractionagency.fr\/swirll\/wp-content\/uploads\/2022\/01\/LOGO-SWIRLL-BLACK.svg\",\"width\":111,\"height\":30,\"caption\":\"Swirll\"},\"image\":{\"@id\":\"https:\/\/swirll.co\/#\/schema\/logo\/image\/\"}}]}<\/script>\n<!-- \/ Yoast SEO plugin. -->","yoast_head_json":{"title":"Investment - Swirll","description":"Combine passion and profitability by focusing on a tangible and prestigious asset, recognized for its ability to improve over time","robots":{"index":"index","follow":"follow","max-snippet":"max-snippet:-1","max-image-preview":"max-image-preview:large","max-video-preview":"max-video-preview:-1"},"canonical":"https:\/\/swirll.co\/fr\/investment\/","og_locale":"fr_FR","og_type":"article","og_title":"Investment - Swirll","og_description":"Combine passion and profitability by focusing on a tangible and prestigious asset, recognized for its ability to improve over time","og_url":"https:\/\/swirll.co\/fr\/investment\/","og_site_name":"Swirll","article_modified_time":"2026-04-09T09:22:04+00:00","twitter_card":"summary_large_image","twitter_misc":{"Dur\u00e9e de lecture estim\u00e9e":"2 minutes"},"schema":{"@context":"https:\/\/schema.org","@graph":[{"@type":"WebPage","@id":"https:\/\/swirll.co\/investment\/","url":"https:\/\/swirll.co\/investment\/","name":"Investment - Swirll","isPartOf":{"@id":"https:\/\/swirll.co\/#website"},"datePublished":"2025-01-27T16:54:03+00:00","dateModified":"2026-04-09T09:22:04+00:00","description":"Combine passion and profitability by focusing on a tangible and prestigious asset, recognized for its ability to improve over time","breadcrumb":{"@id":"https:\/\/swirll.co\/investment\/#breadcrumb"},"inLanguage":"fr-FR","potentialAction":[{"@type":"ReadAction","target":["https:\/\/swirll.co\/investment\/"]}]},{"@type":"BreadcrumbList","@id":"https:\/\/swirll.co\/investment\/#breadcrumb","itemListElement":[{"@type":"ListItem","position":1,"name":"Accueil","item":"https:\/\/swirll.co\/"},{"@type":"ListItem","position":2,"name":"Investment"}]},{"@type":"WebSite","@id":"https:\/\/swirll.co\/#website","url":"https:\/\/swirll.co\/","name":"Swirll","description":"Swirll","publisher":{"@id":"https:\/\/swirll.co\/#organization"},"potentialAction":[{"@type":"SearchAction","target":{"@type":"EntryPoint","urlTemplate":"https:\/\/swirll.co\/?s={search_term_string}"},"query-input":{"@type":"PropertyValueSpecification","valueRequired":true,"valueName":"search_term_string"}}],"inLanguage":"fr-FR"},{"@type":"Organization","@id":"https:\/\/swirll.co\/#organization","name":"Swirll","url":"https:\/\/swirll.co\/","logo":{"@type":"ImageObject","inLanguage":"fr-FR","@id":"https:\/\/swirll.co\/#\/schema\/logo\/image\/","url":"https:\/\/www.beta.attractionagency.fr\/swirll\/wp-content\/uploads\/2022\/01\/LOGO-SWIRLL-BLACK.svg","contentUrl":"https:\/\/www.beta.attractionagency.fr\/swirll\/wp-content\/uploads\/2022\/01\/LOGO-SWIRLL-BLACK.svg","width":111,"height":30,"caption":"Swirll"},"image":{"@id":"https:\/\/swirll.co\/#\/schema\/logo\/image\/"}}]}},"_links":{"self":[{"href":"https:\/\/swirll.co\/fr\/wp-json\/wp\/v2\/pages\/3036","targetHints":{"allow":["GET"]}}],"collection":[{"href":"https:\/\/swirll.co\/fr\/wp-json\/wp\/v2\/pages"}],"about":[{"href":"https:\/\/swirll.co\/fr\/wp-json\/wp\/v2\/types\/page"}],"author":[{"embeddable":true,"href":"https:\/\/swirll.co\/fr\/wp-json\/wp\/v2\/users\/3"}],"replies":[{"embeddable":true,"href":"https:\/\/swirll.co\/fr\/wp-json\/wp\/v2\/comments?post=3036"}],"version-history":[{"count":9,"href":"https:\/\/swirll.co\/fr\/wp-json\/wp\/v2\/pages\/3036\/revisions"}],"predecessor-version":[{"id":3293,"href":"https:\/\/swirll.co\/fr\/wp-json\/wp\/v2\/pages\/3036\/revisions\/3293"}],"wp:attachment":[{"href":"https:\/\/swirll.co\/fr\/wp-json\/wp\/v2\/media?parent=3036"}],"curies":[{"name":"wp","href":"https:\/\/api.w.org\/{rel}","templated":true}]}}